{"id":8272,"date":"2025-11-24T18:32:57","date_gmt":"2025-11-24T18:32:57","guid":{"rendered":"https:\/\/nailbedarf.com\/?post_type=product&#038;p=8272"},"modified":"2026-04-19T18:23:18","modified_gmt":"2026-04-19T18:23:18","slug":"nailsticker-spinnen-skull","status":"publish","type":"product","link":"https:\/\/nailbedarf.com\/?product=nailsticker-spinnen-skull","title":{"rendered":"Nailsticker &#8211; Flower-Power"},"content":{"rendered":"<h3><strong>Nailsticker &#8211; Flower-Power<\/strong><\/h3>\n<p><strong>Nailsticker &#8211; 1 Blatt Wasserschiebefolie<\/strong><\/p>\n<p><strong>Anwendung:<\/strong> Einfach das gew\u00fcnschte Design m\u00f6glichst dicht am Motiv ausschneiden, kurz ins Wasserbad legen und dann auf den Nagel platzieren bzw. schieben.<br \/>\nKurz antrocknen lassen und dann wie gewohnt mit Klarlack versiegeln.<br \/>\nWasserschiebefolien sind ultrad\u00fcnne Folien auf einem Tr\u00e4gerpapier, die sich im Wasserbad leicht abl\u00f6sen lassen. Nach dem Abl\u00f6sen lassen sich die Wasserschiebe-Decals auf viele Zielobjekte aufschieben.<br \/>\nFertig ist Ihr neuer Look.<\/p>\n<p><strong>Versand:<\/strong> Der Versand erfolgt innerhalt von 1 Werktag nach Zahlungseingang und wird versichert versendet.<br \/>\nSie zahlen nur 1x Porto pro Bestellung<br \/>\nBei Fragen k\u00f6nnen Sie uns gerne jederzeit schreiben.<\/p>\n<p><strong>Preise: <\/strong>Alle angegebenen Preise sind Endpreise zzgl. Liefer-\/Versandkosten. Aufgrund des Kleinunternehmerstatus gem. \u00a7 19 UStG erheben wir keine Umsatzsteuer und weisen diese daher auch nicht aus.<\/p>\n<p>&nbsp;<\/p>\n<p>&nbsp;<\/p>\n","protected":false},"excerpt":{"rendered":"<p>Nailsticker &#8211; Flower-Power<\/p>\n<p><strong>1 Blatt Wasserschiebefolie\u00a0<\/strong><\/p>\n<h5>Alle angegebenen Preise sind Endpreise zzgl. Liefer-\/Versandkosten. Aufgrund des Kleinunternehmerstatus gem. \u00a7 19 UStG erheben wir keine Umsatzsteuer und weisen diese daher auch nicht aus.<\/h5>\n<p>&nbsp;<\/p>\n<p>&nbsp;<\/p>\n","protected":false},"featured_media":20502,"template":"","meta":[],"product_brand":[],"product_cat":[55,52,50,72],"product_tag":[119,121,97,122,120],"class_list":{"0":"post-8272","1":"product","2":"type-product","3":"status-publish","4":"has-post-thumbnail","6":"product_cat-nailart-retro-vintage","7":"product_cat-nailart-liebe","8":"product_cat-nailsticker","9":"product_cat-neuheiten","10":"product_tag-flower-power","11":"product_tag-love","12":"product_tag-nailsticker","13":"product_tag-peace","14":"product_tag-regenbogen","15":"product_shipping_class-brief-weltweit","17":"first","18":"instock","19":"featured","20":"purchasable","21":"product-type-simple"},"aioseo_notices":[],"_links":{"self":[{"href":"https:\/\/nailbedarf.com\/index.php?rest_route=\/wp\/v2\/product\/8272","targetHints":{"allow":["GET"]}}],"collection":[{"href":"https:\/\/nailbedarf.com\/index.php?rest_route=\/wp\/v2\/product"}],"about":[{"href":"https:\/\/nailbedarf.com\/index.php?rest_route=\/wp\/v2\/types\/product"}],"version-history":[{"count":6,"href":"https:\/\/nailbedarf.com\/index.php?rest_route=\/wp\/v2\/product\/8272\/revisions"}],"predecessor-version":[{"id":20308,"href":"https:\/\/nailbedarf.com\/index.php?rest_route=\/wp\/v2\/product\/8272\/revisions\/20308"}],"wp:featuredmedia":[{"embeddable":true,"href":"https:\/\/nailbedarf.com\/index.php?rest_route=\/wp\/v2\/media\/20502"}],"wp:attachment":[{"href":"https:\/\/nailbedarf.com\/index.php?rest_route=%2Fwp%2Fv2%2Fmedia&parent=8272"}],"wp:term":[{"taxonomy":"product_brand","embeddable":true,"href":"https:\/\/nailbedarf.com\/index.php?rest_route=%2Fwp%2Fv2%2Fproduct_brand&post=8272"},{"taxonomy":"product_cat","embeddable":true,"href":"https:\/\/nailbedarf.com\/index.php?rest_route=%2Fwp%2Fv2%2Fproduct_cat&post=8272"},{"taxonomy":"product_tag","embeddable":true,"href":"https:\/\/nailbedarf.com\/index.php?rest_route=%2Fwp%2Fv2%2Fproduct_tag&post=8272"}],"curies":[{"name":"wp","href":"https:\/\/api.w.org\/{rel}","templated":true}]}}