{"id":21181,"date":"2026-05-07T19:45:08","date_gmt":"2026-05-07T19:45:08","guid":{"rendered":"https:\/\/nailbedarf.com\/?post_type=product&#038;p=21181"},"modified":"2026-05-07T19:57:02","modified_gmt":"2026-05-07T19:57:02","slug":"nailsticker-vampir-liebe","status":"publish","type":"product","link":"https:\/\/nailbedarf.com\/?product=nailsticker-vampir-liebe","title":{"rendered":"Nailsticker &#8211; Vampir Liebe"},"content":{"rendered":"<h3><strong>Nailsticker &#8211; Vampir Liebe<\/strong><\/h3>\n<p><strong>Nailsticker &#8211; 1 Blatt Wasserschiebefolie<\/strong><\/p>\n<p><strong>Anwendung:<\/strong> Einfach das gew\u00fcnschte Design m\u00f6glichst dicht am Motiv ausschneiden, kurz ins Wasserbad legen und dann auf den Nagel platzieren bzw. schieben.<br \/>\nKurz antrocknen lassen und dann wie gewohnt mit Klarlack versiegeln.<br \/>\nWasserschiebefolien sind ultrad\u00fcnne Folien auf einem Tr\u00e4gerpapier, die sich im Wasserbad leicht abl\u00f6sen lassen. Nach dem Abl\u00f6sen lassen sich die Wasserschiebe-Decals auf viele Zielobjekte aufschieben.<br \/>\nFertig ist Ihr neuer Look.<\/p>\n<p><strong>Versand:<\/strong> Der Versand erfolgt innerhalt von 1 Werktag nach Zahlungseingang und wird versichert versendet.<br \/>\nSie zahlen nur 1x Porto pro Bestellung<br \/>\nBei Fragen k\u00f6nnen Sie uns gerne jederzeit schreiben.<\/p>\n<p>&nbsp;<\/p>\n<p>&nbsp;<\/p>\n<p>&nbsp;<\/p>\n","protected":false},"excerpt":{"rendered":"<p><strong>Nailsticker &#8211; Vampir Liebe<\/strong><\/p>\n<p>Gothic, Vampire, Liebe, Mund, Vampirz\u00e4hne, Kerze<\/p>\n<p><strong>1 Blatt Wasserschiebefolie\u00a0<\/strong><\/p>\n<h6>Alle angegebenen Preise sind Endpreise zzgl. Liefer-\/Versandkosten. Aufgrund des Kleinunternehmerstatus gem. \u00a7 19 UStG erheben wir keine Umsatzsteuer und weisen diese daher auch nicht aus.<\/h6>\n<p>&nbsp;<\/p>\n<p>&nbsp;<\/p>\n","protected":false},"featured_media":21183,"template":"","meta":{"iawp_total_views":0},"product_brand":[],"product_cat":[250,194,50,72],"product_tag":[114,267,264,265,157,225,263,266],"class_list":{"0":"post-21181","1":"product","2":"type-product","3":"status-publish","4":"has-post-thumbnail","6":"product_cat-gothic-halloween","7":"product_cat-halloween-gothic","8":"product_cat-nailsticker","9":"product_cat-neuheiten","10":"product_tag-gothic","11":"product_tag-kerze","12":"product_tag-liebe","13":"product_tag-mund","14":"product_tag-nagelaufkleber","15":"product_tag-nailsticker-nailbedarf","16":"product_tag-vampire","17":"product_tag-vampirzaehne","18":"product_shipping_class-brief-weltweit","20":"first","21":"instock","22":"featured","23":"purchasable","24":"product-type-simple"},"aioseo_notices":[],"_links":{"self":[{"href":"https:\/\/nailbedarf.com\/index.php?rest_route=\/wp\/v2\/product\/21181","targetHints":{"allow":["GET"]}}],"collection":[{"href":"https:\/\/nailbedarf.com\/index.php?rest_route=\/wp\/v2\/product"}],"about":[{"href":"https:\/\/nailbedarf.com\/index.php?rest_route=\/wp\/v2\/types\/product"}],"version-history":[{"count":2,"href":"https:\/\/nailbedarf.com\/index.php?rest_route=\/wp\/v2\/product\/21181\/revisions"}],"predecessor-version":[{"id":21186,"href":"https:\/\/nailbedarf.com\/index.php?rest_route=\/wp\/v2\/product\/21181\/revisions\/21186"}],"wp:featuredmedia":[{"embeddable":true,"href":"https:\/\/nailbedarf.com\/index.php?rest_route=\/wp\/v2\/media\/21183"}],"wp:attachment":[{"href":"https:\/\/nailbedarf.com\/index.php?rest_route=%2Fwp%2Fv2%2Fmedia&parent=21181"}],"wp:term":[{"taxonomy":"product_brand","embeddable":true,"href":"https:\/\/nailbedarf.com\/index.php?rest_route=%2Fwp%2Fv2%2Fproduct_brand&post=21181"},{"taxonomy":"product_cat","embeddable":true,"href":"https:\/\/nailbedarf.com\/index.php?rest_route=%2Fwp%2Fv2%2Fproduct_cat&post=21181"},{"taxonomy":"product_tag","embeddable":true,"href":"https:\/\/nailbedarf.com\/index.php?rest_route=%2Fwp%2Fv2%2Fproduct_tag&post=21181"}],"curies":[{"name":"wp","href":"https:\/\/api.w.org\/{rel}","templated":true}]}}