{"id":21175,"date":"2026-05-07T19:38:37","date_gmt":"2026-05-07T19:38:37","guid":{"rendered":"https:\/\/nailbedarf.com\/?post_type=product&#038;p=21175"},"modified":"2026-05-07T19:44:59","modified_gmt":"2026-05-07T19:44:59","slug":"nailsticker-frostiger-winter","status":"publish","type":"product","link":"https:\/\/nailbedarf.com\/?product=nailsticker-frostiger-winter","title":{"rendered":"Nailsticker &#8211; Frostiger Winter"},"content":{"rendered":"<h3><strong>Nailsticker &#8211; Frostiger Winter<\/strong><\/h3>\n<p><strong>Nailsticker &#8211; 1 Blatt Wasserschiebefolie<\/strong><\/p>\n<p><strong>Anwendung:<\/strong> Einfach das gew\u00fcnschte Design m\u00f6glichst dicht am Motiv ausschneiden, kurz ins Wasserbad legen und dann auf den Nagel platzieren bzw. schieben.<br \/>\nKurz antrocknen lassen und dann wie gewohnt mit Klarlack versiegeln.<br \/>\nWasserschiebefolien sind ultrad\u00fcnne Folien auf einem Tr\u00e4gerpapier, die sich im Wasserbad leicht abl\u00f6sen lassen. Nach dem Abl\u00f6sen lassen sich die Wasserschiebe-Decals auf viele Zielobjekte aufschieben.<br \/>\nFertig ist Ihr neuer Look.<\/p>\n<p><strong>Versand:<\/strong> Der Versand erfolgt innerhalt von 1 Werktag nach Zahlungseingang und wird versichert versendet.<br \/>\nSie zahlen nur 1x Porto pro Bestellung<br \/>\nBei Fragen k\u00f6nnen Sie uns gerne jederzeit schreiben.<\/p>\n<p>&nbsp;<\/p>\n<p>&nbsp;<\/p>\n<p>&nbsp;<\/p>\n","protected":false},"excerpt":{"rendered":"<p><strong>Nailsticker &#8211; Frostiger Winter<\/strong><\/p>\n<p>Winter, Frost, K\u00e4lte, Tiere im Winter, Vogelhaus, Eichh\u00f6rnchen<\/p>\n<p><strong>1 Blatt Wasserschiebefolie\u00a0<\/strong><\/p>\n<h6>Alle angegebenen Preise sind Endpreise zzgl. Liefer-\/Versandkosten. Aufgrund des Kleinunternehmerstatus gem. \u00a7 19 UStG erheben wir keine Umsatzsteuer und weisen diese daher auch nicht aus.<\/h6>\n<p>&nbsp;<\/p>\n<p>&nbsp;<\/p>\n","protected":false},"featured_media":21177,"template":"","meta":{"iawp_total_views":0},"product_brand":[],"product_cat":[50,129,72],"product_tag":[261,257,262,258,157,225,259,260,83],"class_list":{"0":"post-21175","1":"product","2":"type-product","3":"status-publish","4":"has-post-thumbnail","6":"product_cat-nailsticker","7":"product_cat-natur","8":"product_cat-neuheiten","9":"product_tag-eichhoernchen","10":"product_tag-frost","11":"product_tag-frostig","12":"product_tag-kaelte","13":"product_tag-nagelaufkleber","14":"product_tag-nailsticker-nailbedarf","15":"product_tag-tiere-im-winter","16":"product_tag-vogelhaus","17":"product_tag-winter","18":"product_shipping_class-brief-weltweit","20":"first","21":"instock","22":"featured","23":"purchasable","24":"product-type-simple"},"aioseo_notices":[],"_links":{"self":[{"href":"https:\/\/nailbedarf.com\/index.php?rest_route=\/wp\/v2\/product\/21175","targetHints":{"allow":["GET"]}}],"collection":[{"href":"https:\/\/nailbedarf.com\/index.php?rest_route=\/wp\/v2\/product"}],"about":[{"href":"https:\/\/nailbedarf.com\/index.php?rest_route=\/wp\/v2\/types\/product"}],"version-history":[{"count":2,"href":"https:\/\/nailbedarf.com\/index.php?rest_route=\/wp\/v2\/product\/21175\/revisions"}],"predecessor-version":[{"id":21180,"href":"https:\/\/nailbedarf.com\/index.php?rest_route=\/wp\/v2\/product\/21175\/revisions\/21180"}],"wp:featuredmedia":[{"embeddable":true,"href":"https:\/\/nailbedarf.com\/index.php?rest_route=\/wp\/v2\/media\/21177"}],"wp:attachment":[{"href":"https:\/\/nailbedarf.com\/index.php?rest_route=%2Fwp%2Fv2%2Fmedia&parent=21175"}],"wp:term":[{"taxonomy":"product_brand","embeddable":true,"href":"https:\/\/nailbedarf.com\/index.php?rest_route=%2Fwp%2Fv2%2Fproduct_brand&post=21175"},{"taxonomy":"product_cat","embeddable":true,"href":"https:\/\/nailbedarf.com\/index.php?rest_route=%2Fwp%2Fv2%2Fproduct_cat&post=21175"},{"taxonomy":"product_tag","embeddable":true,"href":"https:\/\/nailbedarf.com\/index.php?rest_route=%2Fwp%2Fv2%2Fproduct_tag&post=21175"}],"curies":[{"name":"wp","href":"https:\/\/api.w.org\/{rel}","templated":true}]}}