{"id":21081,"date":"2026-04-24T19:05:16","date_gmt":"2026-04-24T19:05:16","guid":{"rendered":"https:\/\/nailbedarf.com\/?post_type=product&#038;p=21081"},"modified":"2026-04-24T19:08:20","modified_gmt":"2026-04-24T19:08:20","slug":"nailsticker-western-cocktail-party-2","status":"publish","type":"product","link":"https:\/\/nailbedarf.com\/?product=nailsticker-western-cocktail-party-2","title":{"rendered":"Nailsticker &#8211; Western Cocktail-Party 2"},"content":{"rendered":"<h3><strong>Nailsticker &#8211; Western Cocktail-Party 2<\/strong><\/h3>\n<p><strong>Nailsticker &#8211; 1 Blatt Wasserschiebefolie<\/strong><\/p>\n<p><strong>Anwendung:<\/strong> Einfach das gew\u00fcnschte Design m\u00f6glichst dicht am Motiv ausschneiden, kurz ins Wasserbad legen und dann auf den Nagel platzieren bzw. schieben.<br \/>\nKurz antrocknen lassen und dann wie gewohnt mit Klarlack versiegeln.<br \/>\nWasserschiebefolien sind ultrad\u00fcnne Folien auf einem Tr\u00e4gerpapier, die sich im Wasserbad leicht abl\u00f6sen lassen. Nach dem Abl\u00f6sen lassen sich die Wasserschiebe-Decals auf viele Zielobjekte aufschieben.<br \/>\nFertig ist Ihr neuer Look.<\/p>\n<p><strong>Versand:<\/strong> Der Versand erfolgt innerhalt von 1 Werktag nach Zahlungseingang und wird versichert versendet.<br \/>\nSie zahlen nur 1x Porto pro Bestellung<br \/>\nBei Fragen k\u00f6nnen Sie uns gerne jederzeit schreiben.<\/p>\n<p>&nbsp;<\/p>\n<p>&nbsp;<\/p>\n<p>&nbsp;<\/p>\n","protected":false},"excerpt":{"rendered":"<p><strong>Nailsticker &#8211; Western Cocktail-Party 2<\/strong><\/p>\n<p>Cocktail, Kaktus, Cowgirl, Linedance, Stiefel, Hufeisen<\/p>\n<p><strong>1 Blatt Wasserschiebefolie\u00a0<\/strong><\/p>\n<h6>Alle angegebenen Preise sind Endpreise zzgl. Liefer-\/Versandkosten. Aufgrund des Kleinunternehmerstatus gem. \u00a7 19 UStG erheben wir keine Umsatzsteuer und weisen diese daher auch nicht aus.<\/h6>\n<p>&nbsp;<\/p>\n<p>&nbsp;<\/p>\n","protected":false},"featured_media":21084,"template":"","meta":{"iawp_total_views":0},"product_brand":[],"product_cat":[59,50,72],"product_tag":[236,237,238,235,64,157,225,233],"class_list":{"0":"post-21081","1":"product","2":"type-product","3":"status-publish","4":"has-post-thumbnail","6":"product_cat-nailart-extra","7":"product_cat-nailsticker","8":"product_cat-neuheiten","9":"product_tag-cocktail","10":"product_tag-cowgirl","11":"product_tag-hufeisen","12":"product_tag-kaktus","13":"product_tag-linedance","14":"product_tag-nagelaufkleber","15":"product_tag-nailsticker-nailbedarf","16":"product_tag-stiefel","17":"product_shipping_class-brief-weltweit","19":"first","20":"instock","21":"featured","22":"purchasable","23":"product-type-simple"},"aioseo_notices":[],"_links":{"self":[{"href":"https:\/\/nailbedarf.com\/index.php?rest_route=\/wp\/v2\/product\/21081","targetHints":{"allow":["GET"]}}],"collection":[{"href":"https:\/\/nailbedarf.com\/index.php?rest_route=\/wp\/v2\/product"}],"about":[{"href":"https:\/\/nailbedarf.com\/index.php?rest_route=\/wp\/v2\/types\/product"}],"version-history":[{"count":2,"href":"https:\/\/nailbedarf.com\/index.php?rest_route=\/wp\/v2\/product\/21081\/revisions"}],"predecessor-version":[{"id":21086,"href":"https:\/\/nailbedarf.com\/index.php?rest_route=\/wp\/v2\/product\/21081\/revisions\/21086"}],"wp:featuredmedia":[{"embeddable":true,"href":"https:\/\/nailbedarf.com\/index.php?rest_route=\/wp\/v2\/media\/21084"}],"wp:attachment":[{"href":"https:\/\/nailbedarf.com\/index.php?rest_route=%2Fwp%2Fv2%2Fmedia&parent=21081"}],"wp:term":[{"taxonomy":"product_brand","embeddable":true,"href":"https:\/\/nailbedarf.com\/index.php?rest_route=%2Fwp%2Fv2%2Fproduct_brand&post=21081"},{"taxonomy":"product_cat","embeddable":true,"href":"https:\/\/nailbedarf.com\/index.php?rest_route=%2Fwp%2Fv2%2Fproduct_cat&post=21081"},{"taxonomy":"product_tag","embeddable":true,"href":"https:\/\/nailbedarf.com\/index.php?rest_route=%2Fwp%2Fv2%2Fproduct_tag&post=21081"}],"curies":[{"name":"wp","href":"https:\/\/api.w.org\/{rel}","templated":true}]}}