{"id":20693,"date":"2026-04-20T16:15:34","date_gmt":"2026-04-20T16:15:34","guid":{"rendered":"https:\/\/nailbedarf.com\/?post_type=product&#038;p=20693"},"modified":"2026-04-20T16:36:53","modified_gmt":"2026-04-20T16:36:53","slug":"nailsticker-retro-comic","status":"publish","type":"product","link":"https:\/\/nailbedarf.com\/?product=nailsticker-retro-comic","title":{"rendered":"Nailsticker &#8211; Retro- Comic"},"content":{"rendered":"<h3><strong>Nailsticker &#8211; Retro- Comic<\/strong><\/h3>\n<p><strong>Nailsticker &#8211; 1 Blatt Wasserschiebefolie<\/strong><\/p>\n<p><strong>Anwendung:<\/strong> Einfach das gew\u00fcnschte Design m\u00f6glichst dicht am Motiv ausschneiden, kurz ins Wasserbad legen und dann auf den Nagel platzieren bzw. schieben.<br \/>\nKurz antrocknen lassen und dann wie gewohnt mit Klarlack versiegeln.<br \/>\nWasserschiebefolien sind ultrad\u00fcnne Folien auf einem Tr\u00e4gerpapier, die sich im Wasserbad leicht abl\u00f6sen lassen. Nach dem Abl\u00f6sen lassen sich die Wasserschiebe-Decals auf viele Zielobjekte aufschieben.<br \/>\nFertig ist Ihr neuer Look.<\/p>\n<p><strong>Versand:<\/strong> Der Versand erfolgt innerhalt von 1 Werktag nach Zahlungseingang und wird versichert versendet.<br \/>\nSie zahlen nur 1x Porto pro Bestellung<br \/>\nBei Fragen k\u00f6nnen Sie uns gerne jederzeit schreiben.<\/p>\n<p>&nbsp;<\/p>\n<p>&nbsp;<\/p>\n<p>&nbsp;<\/p>\n","protected":false},"excerpt":{"rendered":"<p><strong>Nailsticker &#8211; Retro- Comic<\/strong><\/p>\n<p>Engel, Teufel, Flugzeug, Adler, Tiger, Stier, Schlange<\/p>\n<p><strong>1 Blatt Wasserschiebefolie\u00a0<\/strong><\/p>\n<h6>Alle angegebenen Preise sind Endpreise zzgl. Liefer-\/Versandkosten. Aufgrund des Kleinunternehmerstatus gem. \u00a7 19 UStG erheben wir keine Umsatzsteuer und weisen diese daher auch nicht aus.<\/h6>\n<p>&nbsp;<\/p>\n<p>&nbsp;<\/p>\n","protected":false},"featured_media":20695,"template":"","meta":[],"product_brand":[],"product_cat":[55,50,72],"product_tag":[217,214,216,157,97,164,219,215,218],"class_list":{"0":"post-20693","1":"product","2":"type-product","3":"status-publish","4":"has-post-thumbnail","6":"product_cat-nailart-retro-vintage","7":"product_cat-nailsticker","8":"product_cat-neuheiten","9":"product_tag-adler","10":"product_tag-engel","11":"product_tag-flugzeug","12":"product_tag-nagelaufkleber","13":"product_tag-nailsticker","14":"product_tag-schlange","15":"product_tag-stier","16":"product_tag-teufel","17":"product_tag-tiger","18":"product_shipping_class-brief-weltweit","20":"first","21":"instock","22":"featured","23":"purchasable","24":"product-type-simple"},"aioseo_notices":[],"_links":{"self":[{"href":"https:\/\/nailbedarf.com\/index.php?rest_route=\/wp\/v2\/product\/20693","targetHints":{"allow":["GET"]}}],"collection":[{"href":"https:\/\/nailbedarf.com\/index.php?rest_route=\/wp\/v2\/product"}],"about":[{"href":"https:\/\/nailbedarf.com\/index.php?rest_route=\/wp\/v2\/types\/product"}],"version-history":[{"count":3,"href":"https:\/\/nailbedarf.com\/index.php?rest_route=\/wp\/v2\/product\/20693\/revisions"}],"predecessor-version":[{"id":20702,"href":"https:\/\/nailbedarf.com\/index.php?rest_route=\/wp\/v2\/product\/20693\/revisions\/20702"}],"wp:featuredmedia":[{"embeddable":true,"href":"https:\/\/nailbedarf.com\/index.php?rest_route=\/wp\/v2\/media\/20695"}],"wp:attachment":[{"href":"https:\/\/nailbedarf.com\/index.php?rest_route=%2Fwp%2Fv2%2Fmedia&parent=20693"}],"wp:term":[{"taxonomy":"product_brand","embeddable":true,"href":"https:\/\/nailbedarf.com\/index.php?rest_route=%2Fwp%2Fv2%2Fproduct_brand&post=20693"},{"taxonomy":"product_cat","embeddable":true,"href":"https:\/\/nailbedarf.com\/index.php?rest_route=%2Fwp%2Fv2%2Fproduct_cat&post=20693"},{"taxonomy":"product_tag","embeddable":true,"href":"https:\/\/nailbedarf.com\/index.php?rest_route=%2Fwp%2Fv2%2Fproduct_tag&post=20693"}],"curies":[{"name":"wp","href":"https:\/\/api.w.org\/{rel}","templated":true}]}}