{"id":20260,"date":"2026-04-10T17:39:07","date_gmt":"2026-04-10T17:39:07","guid":{"rendered":"https:\/\/nailbedarf.com\/?post_type=product&#038;p=20260"},"modified":"2026-04-10T19:17:06","modified_gmt":"2026-04-10T19:17:06","slug":"nailsticker-natur-2","status":"publish","type":"product","link":"https:\/\/nailbedarf.com\/?product=nailsticker-natur-2","title":{"rendered":"Nailsticker &#8211; Natur 2"},"content":{"rendered":"<h3><strong>Nailsticker &#8211; Natur 2<\/strong><\/h3>\n<p><strong>Nailsticker &#8211; 1 Blatt Wasserschiebefolie<\/strong><\/p>\n<p>Bitte beachten Sie, dass sich diese Nailsticker nur f\u00fcr helle Untergr\u00fcnde eignen.<\/p>\n<p><strong>Anwendung:<\/strong> Einfach das gew\u00fcnschte Design m\u00f6glichst dicht am Motiv ausschneiden, kurz ins Wasserbad legen und dann auf den Nagel platzieren bzw. schieben.<br \/>\nKurz antrocknen lassen und dann wie gewohnt mit Klarlack versiegeln.<br \/>\nWasserschiebefolien sind ultrad\u00fcnne Folien auf einem Tr\u00e4gerpapier, die sich im Wasserbad leicht abl\u00f6sen lassen. Nach dem Abl\u00f6sen lassen sich die Wasserschiebe-Decals auf viele Zielobjekte aufschieben.<br \/>\nFertig ist Ihr neuer Look.<\/p>\n<p><strong>Versand:<\/strong> Der Versand erfolgt innerhalt von 1 Werktag nach Zahlungseingang und wird versichert versendet.<br \/>\nSie zahlen nur 1x Porto pro Bestellung<br \/>\nBei Fragen k\u00f6nnen Sie uns gerne jederzeit schreiben.<\/p>\n<p>&nbsp;<\/p>\n<p>&nbsp;<\/p>\n<p>&nbsp;<\/p>\n","protected":false},"excerpt":{"rendered":"<p><strong>Nailsticker &#8211; Natur 2<\/strong><\/p>\n<p>V\u00f6gel, Fr\u00fcchte, Huhn, Gans, Kleeblatt, Blumen<\/p>\n<p><strong>1 Blatt Wasserschiebefolie\u00a0<\/strong><\/p>\n<h6>Alle angegebenen Preise sind Endpreise zzgl. Liefer-\/Versandkosten. Aufgrund des Kleinunternehmerstatus gem. \u00a7 19 UStG erheben wir keine Umsatzsteuer und weisen diese daher auch nicht aus.<\/h6>\n<p>&nbsp;<\/p>\n<p>&nbsp;<\/p>\n","protected":false},"featured_media":20263,"template":"","meta":[],"product_brand":[],"product_cat":[75,130,50,129,72],"product_tag":[127,97,85,126,125],"class_list":{"0":"post-20260","1":"product","2":"type-product","3":"status-publish","4":"has-post-thumbnail","6":"product_cat-extra","7":"product_cat-fruehling","8":"product_cat-nailsticker","9":"product_cat-natur","10":"product_cat-neuheiten","11":"product_tag-fruehling","12":"product_tag-nailsticker","13":"product_tag-natur","14":"product_tag-retro","15":"product_tag-vintage","16":"product_shipping_class-brief-weltweit","18":"first","19":"instock","20":"featured","21":"purchasable","22":"product-type-simple"},"_links":{"self":[{"href":"https:\/\/nailbedarf.com\/index.php?rest_route=\/wp\/v2\/product\/20260","targetHints":{"allow":["GET"]}}],"collection":[{"href":"https:\/\/nailbedarf.com\/index.php?rest_route=\/wp\/v2\/product"}],"about":[{"href":"https:\/\/nailbedarf.com\/index.php?rest_route=\/wp\/v2\/types\/product"}],"version-history":[{"count":5,"href":"https:\/\/nailbedarf.com\/index.php?rest_route=\/wp\/v2\/product\/20260\/revisions"}],"predecessor-version":[{"id":20305,"href":"https:\/\/nailbedarf.com\/index.php?rest_route=\/wp\/v2\/product\/20260\/revisions\/20305"}],"wp:featuredmedia":[{"embeddable":true,"href":"https:\/\/nailbedarf.com\/index.php?rest_route=\/wp\/v2\/media\/20263"}],"wp:attachment":[{"href":"https:\/\/nailbedarf.com\/index.php?rest_route=%2Fwp%2Fv2%2Fmedia&parent=20260"}],"wp:term":[{"taxonomy":"product_brand","embeddable":true,"href":"https:\/\/nailbedarf.com\/index.php?rest_route=%2Fwp%2Fv2%2Fproduct_brand&post=20260"},{"taxonomy":"product_cat","embeddable":true,"href":"https:\/\/nailbedarf.com\/index.php?rest_route=%2Fwp%2Fv2%2Fproduct_cat&post=20260"},{"taxonomy":"product_tag","embeddable":true,"href":"https:\/\/nailbedarf.com\/index.php?rest_route=%2Fwp%2Fv2%2Fproduct_tag&post=20260"}],"curies":[{"name":"wp","href":"https:\/\/api.w.org\/{rel}","templated":true}]}}